{"id":58,"date":"2020-11-16T23:00:38","date_gmt":"2020-11-16T22:00:38","guid":{"rendered":"http:\/\/www.andrijacikic.com\/wordpress\/?page_id=58"},"modified":"2020-11-22T19:39:38","modified_gmt":"2020-11-22T18:39:38","slug":"video","status":"publish","type":"page","link":"https:\/\/www.andrijacikic.com\/wordpress\/video\/","title":{"rendered":"Video"},"content":{"rendered":"\n<hr class=\"wp-block-separator is-style-wide\"\/>\n\n\n\n<div class=\"is-layout-flow wp-block-group\"><div class=\"wp-block-group__inner-container\">\n<p>Andrija \u010ciki\u0107 (11 godina)<\/p>\n<\/div><\/div>\n\n\n\n<p>Berkowitsch: Variations on a theme of Paganini&nbsp;<\/p>\n\n\n\n<p>I. Berkowitsch: Variations on a theme of Paganini&nbsp;<\/p>\n\n\n\n<figure class=\"wp-block-video aligncenter\" id=\"Andrija-Cikic-Virtuozi-V4+\"><video controls poster=\"\" src=\"https:\/\/www.andrijacikic.com\/wordpress\/wp-content\/uploads\/2020\/11\/Vortuozv4andrija-1.m4v\"><\/video><\/figure>\n\n\n\n<figure class=\"wp-block-table\"><table><tbody><tr><td><\/td><\/tr><\/tbody><\/table><\/figure>\n\n\n\n<hr class=\"wp-block-separator is-style-wide\"\/>\n\n\n\n<figure class=\"wp-block-table\"><table><tbody><tr><td><\/td><\/tr><\/tbody><\/table><\/figure>\n\n\n\n<p>Andrija \u010ciki\u0107 (10 godina)<\/p>\n\n\n\n<p>\u0421. \u041c\u0430\u0439\u043a\u0430\u043f\u0430\u0440:  \u0412\u0430\u0440\u0438\u0430\u0446\u0438\u0438 \u043d\u0430 \u0440\u0443\u0441\u0441\u043a\u0443\u044e \u0442\u0435\u043c\u0443 F moll<\/p>\n\n\n\n<p>Koncert u Zadu\u017ebini Ilije M. Kolarca<\/p>\n\n\n\n<figure class=\"wp-block-video aligncenter\" id=\"Andrija-Cikic-koncert-na-Kolarcu\"><video controls src=\"https:\/\/www.andrijacikic.com\/wordpress\/wp-content\/uploads\/2020\/11\/Kolarac2-11.m4v\"><\/video><\/figure>\n\n\n\n<figure class=\"wp-block-table\"><table><tbody><tr><td><\/td><\/tr><\/tbody><\/table><\/figure>\n\n\n\n<hr class=\"wp-block-separator is-style-wide\"\/>\n\n\n\n<p>Andrija \u010ciki\u0107 (10 godina)<\/p>\n\n\n\n<p>F. Burgmuller: Etude D-dur Op.109 No.191<\/p>\n\n\n\n<p>Koncert dobitnika specijalnih nagrada<\/p>\n\n\n\n<figure class=\"wp-block-video aligncenter\" id=\"Andrija-Cikic-koncert-dobitnika-specijalnoh-nagrada\"><video controls src=\"https:\/\/www.andrijacikic.com\/wordpress\/wp-content\/uploads\/2020\/11\/specijana_nagrada.mp4\"><\/video><\/figure>\n\n\n\n<figure class=\"wp-block-table\"><table><tbody><tr><td><\/td><\/tr><\/tbody><\/table><\/figure>\n\n\n\n<hr class=\"wp-block-separator is-style-wide\"\/>\n","protected":false},"excerpt":{"rendered":"<p>Andrija \u010ciki\u0107 (11 godina) Berkowitsch: Variations on a theme of Paganini&nbsp; I. Berkowitsch: Variations on a theme of Paganini&nbsp; Andrija \u010ciki\u0107 (10 godina) \u0421. \u041c\u0430\u0439\u043a\u0430\u043f\u0430\u0440: \u0412\u0430\u0440\u0438\u0430\u0446\u0438\u0438 \u043d\u0430 \u0440\u0443\u0441\u0441\u043a\u0443\u044e \u0442\u0435\u043c\u0443 F moll Koncert u Zadu\u017ebini Ilije M. Kolarca Andrija \u010ciki\u0107 (10 godina) F. Burgmuller: Etude D-dur Op.109 No.191 Koncert dobitnika specijalnih nagrada<\/p>\n","protected":false},"author":1,"featured_media":0,"parent":0,"menu_order":0,"comment_status":"closed","ping_status":"closed","template":"","meta":[],"_links":{"self":[{"href":"https:\/\/www.andrijacikic.com\/wordpress\/wp-json\/wp\/v2\/pages\/58"}],"collection":[{"href":"https:\/\/www.andrijacikic.com\/wordpress\/wp-json\/wp\/v2\/pages"}],"about":[{"href":"https:\/\/www.andrijacikic.com\/wordpress\/wp-json\/wp\/v2\/types\/page"}],"author":[{"embeddable":true,"href":"https:\/\/www.andrijacikic.com\/wordpress\/wp-json\/wp\/v2\/users\/1"}],"replies":[{"embeddable":true,"href":"https:\/\/www.andrijacikic.com\/wordpress\/wp-json\/wp\/v2\/comments?post=58"}],"version-history":[{"count":35,"href":"https:\/\/www.andrijacikic.com\/wordpress\/wp-json\/wp\/v2\/pages\/58\/revisions"}],"predecessor-version":[{"id":309,"href":"https:\/\/www.andrijacikic.com\/wordpress\/wp-json\/wp\/v2\/pages\/58\/revisions\/309"}],"wp:attachment":[{"href":"https:\/\/www.andrijacikic.com\/wordpress\/wp-json\/wp\/v2\/media?parent=58"}],"curies":[{"name":"wp","href":"https:\/\/api.w.org\/{rel}","templated":true}]}}